{"id":36,"date":"2012-01-27T10:58:40","date_gmt":"2012-01-27T10:58:40","guid":{"rendered":"http:\/\/jumpahead.de\/cms_dfh65\/?page_id=36"},"modified":"2019-04-12T09:53:52","modified_gmt":"2019-04-12T09:53:52","slug":"impressum","status":"publish","type":"page","link":"https:\/\/www.jumpahead.de\/cms\/impressum\/","title":{"rendered":"Impressum"},"content":{"rendered":"<p><strong>Werbeagentur jumpahead<\/strong><br \/>\nInhaber: Dipl.-Kfm. Dr. Dieter Simon<br \/>\nAm Feldschl\u00f6ssel 26<br \/>\nD &#8211; 77855 Achern<br \/>\ninfo@jumpahead.de<br \/>\nFon: ++49 (0) 78 41 &#8211; 2 53 21<br \/>\nFax: ++49 (0) 78 41 &#8211; 2 96 60<br \/>\nSteuer-Nr. 01209 \/ 28001 Finanzamt Offenburg<br \/>\nUSt-IdNr.: DE272400457<\/p>\n<p><a href=\"https:\/\/www.jumpahead.de\/cms\/wp-content\/uploads\/2019\/04\/Bilder-Header.pdf\"><strong>Bildhinweise Angebot Beilage Feinschmecker 10\/19<\/strong><\/a><\/p>\n<h3><strong>Rechtshinweise<\/strong><\/h3>\n<p>Alle Rechte sind vorbehalten, soweit nicht ausdr\u00fccklich etwas anderes angegeben wird. F\u00fcr die Richtigkeit, Vollst\u00e4ndigkeit oder Aktualit\u00e4t der Daten wird keine Gew\u00e4hr \u00fcbernommen. Dies betrifft auch die Hyperlinks. \u00c4nderungen oder Erg\u00e4nzungen erfolgen ohne Ank\u00fcndigungen. Meinungen oder Darstellungen auf den verlinkten Seiten stellen nicht notwendig die Meinung des Seitenbetreibers dar.<\/p>\n<p><strong>Intro und Headerbilder, Quellen:<br \/>\n<\/strong>alphaspirit \u2013 Fotolia,<br \/>\nIsabelle Barthe \u2013 Fotolia,<br \/>\nkoya79 \u2013 Fotolia,<br \/>\nJulien Eichinger \u2013 Fotolia,<br \/>\nTanja Bagusat \u2013 Fotolia,<br \/>\nJulien Eichinger \u2013 Fotolia,<br \/>\nag visuell \u2013 Fotolia,<br \/>\nDanielle Bonardelle \u2013 Fotolia<\/p>\n<p>Bildmontagen: jumpahead, Werbeagentur<\/p>\n<h3>Haftung f\u00fcr Inhalte<\/h3>\n<p>Die Inhalte unserer Seiten wurden mit gr\u00f6\u00dfter Sorgfalt erstellt. F\u00fcr die Richtigkeit, Vollst\u00e4ndigkeit und Aktualit\u00e4t der Inhalte k\u00f6nnen wir jedoch keine Gew\u00e4hr \u00fcbernehmen. Als Diensteanbieter sind wir gem\u00e4\u00df \u00a7 7 Abs.1 TMG f\u00fcr eigene Inhalte auf diesen Seiten nach den allgemeinen Gesetzen verantwortlich. Nach \u00a7\u00a7 8 bis 10 TMG sind wir als Diensteanbieter jedoch nicht verpflichtet, \u00fcbermittelte oder gespeicherte fremde Informationen zu \u00fcberwachen oder nach Umst\u00e4nden zu forschen, die auf eine rechtswidrige T\u00e4tigkeit hinweisen. Verpflichtungen zur Entfernung oder Sperrung der Nutzung von Informationen nach den allgemeinen Gesetzen bleiben hiervon unber\u00fchrt. Eine diesbez\u00fcgliche Haftung ist jedoch erst ab dem Zeitpunkt der Kenntnis einer konkreten Rechtsverletzung m\u00f6glich. Bei Bekanntwerden von entsprechenden Rechtsverletzungen werden wir diese Inhalte umgehend entfernen.<\/p>\n<h3>Haftung f\u00fcr Links<\/h3>\n<p>Unser Angebot enth\u00e4lt Links zu externen Webseiten Dritter, auf deren Inhalte wir keinen Einfluss haben. Deshalb k\u00f6nnen wir f\u00fcr diese fremden Inhalte auch keine Gew\u00e4hr \u00fcbernehmen. F\u00fcr die Inhalte der verlinkten Seiten ist stets der jeweilige Anbieter oder Betreiber der Seiten verantwortlich. Die verlinkten Seiten wurden zum Zeitpunkt der Verlinkung auf m\u00f6gliche Rechtsverst\u00f6\u00dfe \u00fcberpr\u00fcft. Rechtswidrige Inhalte waren zum Zeitpunkt der Verlinkung nicht erkennbar. Eine permanente inhaltliche Kontrolle der verlinkten Seiten ist jedoch ohne konkrete Anhaltspunkte einer Rechtsverletzung nicht zumutbar. Bei Bekanntwerden von Rechtsverletzungen werden wir derartige Links umgehend entfernen.<\/p>\n<h3>Urheberrecht<\/h3>\n<p>Die durch die Seitenbetreiber erstellten Inhalte und Werke auf diesen Seiten unterliegen dem deutschen Urheberrecht. Die Vervielf\u00e4ltigung, Bearbeitung, Verbreitung und jede Art der Verwertung au\u00dferhalb der Grenzen des Urheberrechtes bed\u00fcrfen der schriftlichen Zustimmung des jeweiligen Autors bzw. Erstellers. Downloads und Kopien dieser Seite sind nur f\u00fcr den privaten, nicht kommerziellen Gebrauch gestattet. Soweit die Inhalte auf dieser Seite nicht vom Betreiber erstellt wurden, werden die Urheberrechte Dritter beachtet. Insbesondere werden Inhalte Dritter als solche gekennzeichnet. Sollten Sie trotzdem auf eine Urheberrechtsverletzung aufmerksam werden, bitten wir um einen entsprechenden Hinweis. Bei Bekanntwerden von Rechtsverletzungen werden wir derartige Inhalte umgehend entfernen.<\/p>\n<h3>Datenschutz<\/h3>\n<h3><span style=\"color: #0000ff;\"><strong><a style=\"color: #0000ff;\" href=\"https:\/\/www.jumpahead.de\/cms\/wp-content\/uploads\/2018\/05\/Datenschutzerklaerung-DSGVO-jumahead.pdf\" target=\"_blank\" rel=\"noopener\">Datenschutzerkl\u00e4rung<\/a><\/strong><\/span><\/h3>\n","protected":false},"excerpt":{"rendered":"<p>Werbeagentur jumpahead Inhaber: Dipl.-Kfm. Dr. Dieter Simon Am Feldschl\u00f6ssel 26 D &#8211; 77855 Achern info@jumpahead.de Fon: ++49 (0) 78 41 &#8211; 2 53 21 Fax: ++49 (0) 78 41 &#8211; 2 96 60 Steuer-Nr. 01209 \/ 28001 Finanzamt Offenburg USt-IdNr.: DE272400457 Bildhinweise Angebot Beilage Feinschmecker 10\/19 Rechtshinweise Alle Rechte sind vorbehalten, soweit nicht ausdr\u00fccklich etwas&#8230;  <a href=\"https:\/\/www.jumpahead.de\/cms\/impressum\/\" title=\"Read Impressum\">Read more &raquo;<\/a><\/p>\n","protected":false},"author":1,"featured_media":0,"parent":0,"menu_order":0,"comment_status":"open","ping_status":"open","template":"","meta":{"footnotes":""},"class_list":["post-36","page","type-page","status-publish","hentry"],"_links":{"self":[{"href":"https:\/\/www.jumpahead.de\/cms\/wp-json\/wp\/v2\/pages\/36","targetHints":{"allow":["GET"]}}],"collection":[{"href":"https:\/\/www.jumpahead.de\/cms\/wp-json\/wp\/v2\/pages"}],"about":[{"href":"https:\/\/www.jumpahead.de\/cms\/wp-json\/wp\/v2\/types\/page"}],"author":[{"embeddable":true,"href":"https:\/\/www.jumpahead.de\/cms\/wp-json\/wp\/v2\/users\/1"}],"replies":[{"embeddable":true,"href":"https:\/\/www.jumpahead.de\/cms\/wp-json\/wp\/v2\/comments?post=36"}],"version-history":[{"count":21,"href":"https:\/\/www.jumpahead.de\/cms\/wp-json\/wp\/v2\/pages\/36\/revisions"}],"predecessor-version":[{"id":759,"href":"https:\/\/www.jumpahead.de\/cms\/wp-json\/wp\/v2\/pages\/36\/revisions\/759"}],"wp:attachment":[{"href":"https:\/\/www.jumpahead.de\/cms\/wp-json\/wp\/v2\/media?parent=36"}],"curies":[{"name":"wp","href":"https:\/\/api.w.org\/{rel}","templated":true}]}}